{"id":16546,"date":"2025-04-08T14:56:32","date_gmt":"2025-04-08T12:56:32","guid":{"rendered":"https:\/\/cambio.academy\/?post_type=product&#038;p=16546"},"modified":"2025-05-12T12:42:59","modified_gmt":"2025-05-12T10:42:59","slug":"die-cambio-mindset-academy","status":"publish","type":"product","link":"https:\/\/cambio.academy\/en\/produkt\/die-cambio-mindset-academy\/","title":{"rendered":"Die Cambio Mindset Academy"},"content":{"rendered":"<div class=\"elementor-element elementor-element-6366832 elementor-widget elementor-widget-text-editor\" data-id=\"6366832\" data-element_type=\"widget\" data-widget_type=\"text-editor.default\">\n<div class=\"elementor-widget-container\">\n<p>Die <b>Mindset Academy<\/b> wurde speziell f\u00fcr angehende Dipl. Visagist*innen entwickelt, die nicht nur gut sein, sondern richtig erfolgreich werden wollen. Talent ist nicht das Problem \u2013 doch ohne das richtige Mindset bleiben viele unter ihrem Potenzial.<\/p>\n<p>Hier lernst du, wie du Selbstbewusstsein entwickelst, deine Preise mit \u00dcberzeugung setzt, Herausforderungen meisterst und dein Business auf das n\u00e4chste Level bringst.<\/p>\n<\/div>\n<\/div>\n<div class=\"elementor-element elementor-element-8523a1e elementor-widget elementor-widget-video\" data-id=\"8523a1e\" data-element_type=\"widget\" data-settings=\"{&quot;video_type&quot;:&quot;vimeo&quot;}\" data-widget_type=\"video.default\">\n<div class=\"elementor-widget-container\">\n<div class=\"elementor-wrapper elementor-open-inline\"><iframe class=\"elementor-video-iframe\" title=\"vimeo Video Player\" src=\"https:\/\/player.vimeo.com\/video\/1067685233?color&amp;autopause=0&amp;loop=0&amp;muted=0&amp;title=1&amp;portrait=1&amp;byline=1#t=\" allowfullscreen=\"allowfullscreen\" data-mce-fragment=\"1\"><\/iframe><\/div>\n<\/div>\n<\/div>\n<div class=\"elementor-element elementor-element-8821849 elementor-widget elementor-widget-text-editor\" data-id=\"8821849\" data-element_type=\"widget\" data-widget_type=\"text-editor.default\">\n<div class=\"elementor-widget-container\">\n<p><b>Diese Themen erwarten dich:<\/b><\/p>\n<p><strong data-start=\"312\" data-end=\"339\">\ud83d\udd39<b> <\/b>Selbstbewusstsein &amp; Mut<\/strong><br \/>\nLerne, f\u00fcr deinen Wert einzustehen und die richtigen Kunden anzuziehen.<\/p>\n<p><strong data-start=\"418\" data-end=\"435\">\ud83d\udd39<b> <\/b>Money Mindset<\/strong><br \/>\nEntwickle ein gesundes Verh\u00e4ltnis zu Geld, setze deine Preise mit \u00dcberzeugung und werde finanziell erfolgreich.<\/p>\n<p><strong data-start=\"554\" data-end=\"586\">\ud83d\udd39<b> <\/b>Umgang mit Herausforderungen<\/strong><br \/>\nWachse durch R\u00fcckschl\u00e4ge, lerne aus Fehlern und meistere Kritik souver\u00e4n.<\/p>\n<p><strong data-start=\"667\" data-end=\"706\">\ud83d\udd39<b> <\/b>Erfolgsgewohnheiten &amp; Produktivit\u00e4t<br \/>\n<\/strong>Strukturiere deinen Tag effizient und erreiche mehr, ohne dich zu \u00fcberfordern.<\/p>\n<p><strong data-start=\"792\" data-end=\"824\">\ud83d\udd39<b> <\/b>Selbstliebe &amp; mentale St\u00e4rke<br \/>\n<\/strong>Baue ein starkes Mindset auf, das dich langfristig tr\u00e4gt und unterst\u00fctzt.<\/p>\n<p><strong data-start=\"905\" data-end=\"936\">\ud83d\udd39<b> <\/b>Sichtbarkeit\u00a0<\/strong><br \/>\n\u00dcberwinde die Angst, dich zu zeigen, und baue eine starke Marke auf.<\/p>\n<p><strong data-start=\"1012\" data-end=\"1044\">\ud83d\udd39<b> <\/b>Netzwerken &amp; Business-Aufbau<\/strong><br \/>\nEntwickle wertvolle Kooperationen und baue dir ein stabiles berufliches Netzwerk auf.<\/p>\n<p><strong data-start=\"1137\" data-end=\"1163\">\ud83d\udd39<b> <\/b>Langfristiges Wachstum<\/strong><br \/>\nSetze klare Ziele, entwickle eine Vision und bringe dein Business auf das n\u00e4chste Level.<\/p>\n<p><strong data-start=\"1259\" data-end=\"1296\">\ud83d\udd39<b> <\/b>Priming-Technik<\/strong>\u00a0\u2013 Trainiere dein Gehirn t\u00e4glich auf Erfolg, Klarheit und Energie.<\/p>\n<p>Die <b>Mindset Academy<\/b> ist mehr als nur ein Kurs \u2013 sie ist deine Transformation. Hier bekommst du das Wissen und die Strategien, um nicht nur erfolgreich, sondern auch erf\u00fcllt zu leben.<\/p>\n<p><b>Jetzt ist deine Zeit!<\/b> Melde dich an und starte die sch\u00f6nste Reise deines Lebens \u2013 die Reise zu dir selbst.<\/p>\n<\/div>\n<\/div>\n","protected":false},"excerpt":{"rendered":"<p class=\"\" data-start=\"159\" data-end=\"233\">\ud83d\ude80 <strong data-start=\"162\" data-end=\"233\">Dein Erfolg beginnt im Kopf \u2013 bist du bereit f\u00fcr deinen Durchbruch?<\/strong><\/p>\n<p class=\"\" data-start=\"235\" data-end=\"424\">Als Make-up Artist*in brauchst du mehr als nur Technik und Talent \u2013 du brauchst das richtige <strong data-start=\"328\" data-end=\"339\">Mindset<\/strong>, um wirklich durchzustarten.<br data-start=\"368\" data-end=\"371\" \/>Und genau da setzt die <strong data-start=\"394\" data-end=\"420\">Cambio Mindset Academy<\/strong> an.<\/p>\n<p class=\"\" data-start=\"426\" data-end=\"605\">\ud83d\udca1 In unserer <strong data-start=\"440\" data-end=\"462\">Online-Masterclass<\/strong> erwarten dich \u00fcber <strong data-start=\"482\" data-end=\"511\">3,5 Stunden Videomaterial<\/strong> voller Inspiration, praktischer Tools und echter Aha-Momente \u2013 flexibel von \u00fcberall abrufbar!<\/p>\n<p class=\"\" data-start=\"607\" data-end=\"625\">Du lernst, wie du:<\/p>\n<p class=\"\" data-start=\"627\" data-end=\"872\">\u2728 selbstbewusst auftrittst und dich als Profi positionierst<br data-start=\"686\" data-end=\"689\" \/>\ud83d\udcb0 deine Preise ohne Angst und mit \u00dcberzeugung kommunizierst<br data-start=\"749\" data-end=\"752\" \/>\ud83e\udde0 mentale St\u00e4rke entwickelst, um R\u00fcckschl\u00e4ge zu meistern<br data-start=\"809\" data-end=\"812\" \/>\ud83d\ude80 deinen Erfolg aktiv gestaltest \u2013 pers\u00f6nlich und beruflich<\/p>\n<p class=\"\" data-start=\"874\" data-end=\"1040\">Diese Academy ist dein pers\u00f6nlicher Push in Richtung Selbstvertrauen, Klarheit und Erfolg im Beauty-Business.<\/p>\n<p class=\"\" data-start=\"1042\" data-end=\"1154\">\ud83c\udf81 <strong data-start=\"1045\" data-end=\"1055\">Bonus:<\/strong> Du erh\u00e4ltst unser exklusives <strong data-start=\"1085\" data-end=\"1131\">112-seitiges Visagistik &amp; Mindset Workbook<\/strong> \u2013 kostenlos inklusive!<\/p>\n<p class=\"\" data-start=\"1156\" data-end=\"1248\">\ud83d\udc49 <strong data-start=\"1159\" data-end=\"1248\">Melde dich jetzt an und bring dein Mindset \u2013 und deine Karriere \u2013 aufs n\u00e4chste Level!<\/strong><\/p>\n","protected":false},"featured_media":16747,"template":"","meta":[],"product_brand":[],"product_cat":[160,161,159],"product_tag":[],"standort":[],"ausbildungstyp":[],"zeitmodell":[],"zielgruppe":[],"class_list":{"0":"post-16546","1":"product","2":"type-product","3":"status-publish","4":"has-post-thumbnail","6":"product_cat-professionals-linz","7":"product_cat-professionals-wien","8":"product_cat-workshops-professionals-2","10":"first","11":"instock","12":"virtual","13":"sold-individually","14":"taxable","15":"purchasable","16":"product-type-simple"},"bundled_by":[],"bundle_stock_status":"instock","bundle_stock_quantity":null,"bundle_virtual":false,"bundle_layout":"","bundle_add_to_cart_form_location":"","bundle_editable_in_cart":false,"bundle_sold_individually_context":"","bundle_item_grouping":"","bundle_min_size":"","bundle_max_size":"","bundle_price":[],"bundled_items":[],"bundle_sell_ids":[],"exclude_global_add_ons":[],"addons":[],"_links":{"self":[{"href":"https:\/\/cambio.academy\/en\/wp-json\/wp\/v2\/product\/16546","targetHints":{"allow":["GET"]}}],"collection":[{"href":"https:\/\/cambio.academy\/en\/wp-json\/wp\/v2\/product"}],"about":[{"href":"https:\/\/cambio.academy\/en\/wp-json\/wp\/v2\/types\/product"}],"wp:featuredmedia":[{"embeddable":true,"href":"https:\/\/cambio.academy\/en\/wp-json\/wp\/v2\/media\/16747"}],"wp:attachment":[{"href":"https:\/\/cambio.academy\/en\/wp-json\/wp\/v2\/media?parent=16546"}],"wp:term":[{"taxonomy":"product_brand","embeddable":true,"href":"https:\/\/cambio.academy\/en\/wp-json\/wp\/v2\/product_brand?post=16546"},{"taxonomy":"product_cat","embeddable":true,"href":"https:\/\/cambio.academy\/en\/wp-json\/wp\/v2\/product_cat?post=16546"},{"taxonomy":"product_tag","embeddable":true,"href":"https:\/\/cambio.academy\/en\/wp-json\/wp\/v2\/product_tag?post=16546"},{"taxonomy":"standort","embeddable":true,"href":"https:\/\/cambio.academy\/en\/wp-json\/wp\/v2\/standort?post=16546"},{"taxonomy":"ausbildungstyp","embeddable":true,"href":"https:\/\/cambio.academy\/en\/wp-json\/wp\/v2\/ausbildungstyp?post=16546"},{"taxonomy":"zeitmodell","embeddable":true,"href":"https:\/\/cambio.academy\/en\/wp-json\/wp\/v2\/zeitmodell?post=16546"},{"taxonomy":"zielgruppe","embeddable":true,"href":"https:\/\/cambio.academy\/en\/wp-json\/wp\/v2\/zielgruppe?post=16546"}],"curies":[{"name":"wp","href":"https:\/\/api.w.org\/{rel}","templated":true}]}}