{"id":16547,"date":"2025-04-08T15:10:35","date_gmt":"2025-04-08T13:10:35","guid":{"rendered":"https:\/\/cambio.academy\/?post_type=product&#038;p=16547"},"modified":"2025-05-12T12:40:00","modified_gmt":"2025-05-12T10:40:00","slug":"die-cambio-business-academy","status":"publish","type":"product","link":"https:\/\/cambio.academy\/en\/produkt\/die-cambio-business-academy\/","title":{"rendered":"Die Cambio Business Academy"},"content":{"rendered":"<div class=\"elementor-element elementor-element-6366832 elementor-widget elementor-widget-text-editor\" data-id=\"6366832\" data-element_type=\"widget\" data-widget_type=\"text-editor.default\">\n<div class=\"elementor-widget-container\">\n<div class=\"elementor-element elementor-element-fcb3044 elementor-widget elementor-widget-text-editor\" data-id=\"fcb3044\" data-element_type=\"widget\" data-widget_type=\"text-editor.default\">\n<div class=\"elementor-widget-container\">\n<p>Du bist talentiert. Du bist kreativ. Du liebst Make-up. Aber reicht das aus, um wirklich erfolgreich zu sein?<\/p>\n<p>\ud83d\udca1 <b>JA!<\/b><br \/>\n\ud83d\udc49 Nutze deine Einzigartigkeit und baue dein Business strategisch und nachhaltig auf!<\/p>\n<p><b>Die Cambio Business Mastery ist das umfassendste Business- und Mindset-Training f\u00fcr Make-up Artists<\/b>, die nicht nur f\u00fcr ihre Kreativit\u00e4t bekannt sein, sondern sich als <b>erfolgreiche Unternehmer:innen positionieren<\/b> wollen. Hier geht es nicht nur um Make-up \u2013 sondern darum, wie du ein skalierbares, profitables Business mit Zukunft aufbaust.<\/p>\n<\/div>\n<\/div>\n<div class=\"elementor-element elementor-element-f03935e elementor-widget elementor-widget-video\" data-id=\"f03935e\" data-element_type=\"widget\" data-settings=\"{&quot;video_type&quot;:&quot;vimeo&quot;}\" data-widget_type=\"video.default\">\n<div class=\"elementor-widget-container\">\n<div class=\"elementor-wrapper elementor-open-inline\"><iframe class=\"elementor-video-iframe\" title=\"vimeo Video Player\" src=\"https:\/\/player.vimeo.com\/video\/1067683560?color&amp;autopause=0&amp;loop=0&amp;muted=0&amp;title=1&amp;portrait=1&amp;byline=1#t=\" allowfullscreen=\"allowfullscreen\" data-mce-fragment=\"1\"><\/iframe><\/div>\n<\/div>\n<\/div>\n<div class=\"elementor-element elementor-element-669faff elementor-widget elementor-widget-text-editor\" data-id=\"669faff\" data-element_type=\"widget\" data-widget_type=\"text-editor.default\">\n<div class=\"elementor-widget-container\">\n<p><b>Was dich in der Cambio Business Mastery erwartet:<\/b><\/p>\n<p>\ud83d\udd39<b> Mindset &amp; Erfolgspsychologie \u2013 Dein Fundament f\u00fcr nachhaltigen Erfolg<\/b><\/p>\n<ul>\n<li>H\u00f6here Standards setzen und wertvolle Kund:innen anziehen<\/li>\n<li>Wie du Angst als Treibstoff nutzt, um mutig zu wachsen<\/li>\n<li>Selbstbild vs. Fremdbild \u2013 Warum dein Erfolg in deinem Kopf beginnt<\/li>\n<li>Die Vogelperspektive \u2013 Probleme strategisch l\u00f6sen und langfristig denken<\/li>\n<\/ul>\n<p>\ud83d\udd39<b> Kreativit\u00e4t &amp; Flexibilit\u00e4t \u2013 Unternehmertum bedeutet Innovation<\/b><\/p>\n<ul>\n<li>Neugier &amp; Begeisterung als Motor f\u00fcr deinen Erfolg<\/li>\n<li>Spontanit\u00e4t &amp; Improvisation als Gamechanger im Business<\/li>\n<li>Unsicherheiten akzeptieren &amp; als Wachstumschancen nutzen<\/li>\n<li>Fehler als wertvolle Erfahrungen statt als Hindernisse sehen<\/li>\n<\/ul>\n<p>\ud83d\udd39<b> Business &amp; Positionierung \u2013 Wie du dich von der Masse abhebst<\/b><\/p>\n<ul>\n<li>Dein utopisches Business: Visionen erschaffen &amp; manifestieren<\/li>\n<li>Marketing &amp; Sichtbarkeit: Deine Marke strategisch positionieren<\/li>\n<li>Die Rolle als Make-up Artist: Vom Dienstleister zur gefragten Expertin<\/li>\n<li>Zielgruppenverst\u00e4ndnis: Die Kunst, die richtigen Kund:innen anzuziehen<\/li>\n<\/ul>\n<p>\ud83d\udd39<b> Unternehmerisches Denken &amp; Business-Strategien \u2013 Baue ein stabiles Fundament<\/b><\/p>\n<ul>\n<li>Selbstreflexion &amp; Kritikf\u00e4higkeit: Wachstum durch ehrliches Feedback<\/li>\n<li>Wie du mentale Blockaden l\u00f6st und endlich ins Handeln kommst<\/li>\n<li>Routinen f\u00fcr Erfolg: Strukturen erschaffen &amp; langfristig umsetzen<\/li>\n<li>Preisgestaltung &amp; Verhandlungstechniken \u2013 Erkenne deinen Wert und verkaufe sicher<\/li>\n<\/ul>\n<p>Die Cambio Business Mastery ist nicht nur ein Kurs \u2013 <b>es ist ein Weg zur vollkommenen unternehmerischen Transformation.<\/b><\/p>\n<p>\ud83d\udc49 <b>Lerne, wie du als Make-up Artistin mehr verdienst, deine Marke aufbaust und dein Business strategisch f\u00fchrst.<\/b><\/p>\n<p>Bist du bereit, dein Business auf das n\u00e4chste Level zu heben?<\/p>\n<\/div>\n<\/div>\n<\/div>\n<\/div>\n","protected":false},"excerpt":{"rendered":"<p class=\"\" data-start=\"145\" data-end=\"246\">\ud83d\udcbc <strong data-start=\"148\" data-end=\"246\">Das ultimative Business- &amp; Mindset-Training f\u00fcr Make-up Artists \u2013 online &amp; jederzeit abrufbar!<\/strong><\/p>\n<p class=\"\" data-start=\"248\" data-end=\"391\">Du bist kreativ, leidenschaftlich und liebst Make-up. Aber reicht das aus, um im Beauty-Business wirklich erfolgreich und unabh\u00e4ngig zu werden?<\/p>\n<p class=\"\" data-start=\"393\" data-end=\"647\">\ud83d\udc49 <strong data-start=\"396\" data-end=\"437\">Mach es anders \u2013 mach es strategisch!<\/strong><br data-start=\"437\" data-end=\"440\" \/>Die <strong data-start=\"444\" data-end=\"471\">Cambio Business Academy<\/strong> ist deine Masterclass f\u00fcr echten Business-Erfolg als Make-up Artist*in. Hier bekommst du nicht nur Inspiration, sondern einen klaren Fahrplan f\u00fcr dein eigenes Beauty-Business.<\/p>\n<p class=\"\" data-start=\"649\" data-end=\"705\">\ud83d\udca1 In \u00fcber <strong data-start=\"660\" data-end=\"694\">7 Stunden Online-Videomaterial<\/strong> lernst du:<\/p>\n<p class=\"\" data-start=\"707\" data-end=\"1196\">\u2728 Wie du deine pers\u00f6nliche Marke aufbaust<br data-start=\"748\" data-end=\"751\" \/>\ud83d\udcb0 Wie du mehr verdienst \u2013 mit klarer Positionierung und smarten Strategien<br data-start=\"826\" data-end=\"829\" \/>\ud83d\udecd\ufe0f Erfolgreiches Verkaufen \u2013 mit Herz und \u00dcberzeugung<br data-start=\"883\" data-end=\"886\" \/>\ud83d\udcf1 Social Media Marketing, das wirklich funktioniert<br data-start=\"938\" data-end=\"941\" \/>\ud83c\udfaf Marketing, das deine Wunschkund*innen anzieht<br data-start=\"989\" data-end=\"992\" \/>\ud83d\udcc8 Wie du dein Business nachhaltig und profitabel f\u00fchrst<br data-start=\"1048\" data-end=\"1051\" \/>\ud83d\udccb Wie du dich erfolgreich selbst\u00e4ndig machst \u2013 inkl. rechtlicher Tipps<br data-start=\"1122\" data-end=\"1125\" \/>\ud83e\udde0 Und wie du dein Unternehmer:innen-Mindset aufs n\u00e4chste Level bringst<\/p>\n<p class=\"\" data-start=\"1198\" data-end=\"1338\">Diese Masterclass ist f\u00fcr alle Make-up Artists, die nicht nur durch Kreativit\u00e4t, sondern auch durch unternehmerischen Erfolg gl\u00e4nzen wollen.<\/p>\n<p class=\"\" data-start=\"1340\" data-end=\"1444\">\ud83c\udf81 <strong data-start=\"1343\" data-end=\"1353\">Bonus:<\/strong> Dein exklusives <strong data-start=\"1370\" data-end=\"1421\">132-seitiges Make-up Artist &amp; Business Workbook<\/strong> \u2013 kostenlos inklusive!<\/p>\n<p class=\"\" data-start=\"1446\" data-end=\"1532\">\ud83d\udc49 <strong data-start=\"1449\" data-end=\"1532\">Jetzt anmelden und dein Beauty-Business erfolgreich und selbstbewusst aufbauen!<\/strong><\/p>\n","protected":false},"featured_media":16745,"template":"","meta":[],"product_brand":[],"product_cat":[160,161,159],"product_tag":[],"standort":[],"ausbildungstyp":[],"zeitmodell":[],"zielgruppe":[],"class_list":{"0":"post-16547","1":"product","2":"type-product","3":"status-publish","4":"has-post-thumbnail","6":"product_cat-professionals-linz","7":"product_cat-professionals-wien","8":"product_cat-workshops-professionals-2","10":"first","11":"instock","12":"virtual","13":"sold-individually","14":"taxable","15":"purchasable","16":"product-type-simple"},"bundled_by":[],"bundle_stock_status":"instock","bundle_stock_quantity":null,"bundle_virtual":false,"bundle_layout":"","bundle_add_to_cart_form_location":"","bundle_editable_in_cart":false,"bundle_sold_individually_context":"","bundle_item_grouping":"","bundle_min_size":"","bundle_max_size":"","bundle_price":[],"bundled_items":[],"bundle_sell_ids":[16546],"exclude_global_add_ons":[],"addons":[],"_links":{"self":[{"href":"https:\/\/cambio.academy\/en\/wp-json\/wp\/v2\/product\/16547","targetHints":{"allow":["GET"]}}],"collection":[{"href":"https:\/\/cambio.academy\/en\/wp-json\/wp\/v2\/product"}],"about":[{"href":"https:\/\/cambio.academy\/en\/wp-json\/wp\/v2\/types\/product"}],"wp:featuredmedia":[{"embeddable":true,"href":"https:\/\/cambio.academy\/en\/wp-json\/wp\/v2\/media\/16745"}],"wp:attachment":[{"href":"https:\/\/cambio.academy\/en\/wp-json\/wp\/v2\/media?parent=16547"}],"wp:term":[{"taxonomy":"product_brand","embeddable":true,"href":"https:\/\/cambio.academy\/en\/wp-json\/wp\/v2\/product_brand?post=16547"},{"taxonomy":"product_cat","embeddable":true,"href":"https:\/\/cambio.academy\/en\/wp-json\/wp\/v2\/product_cat?post=16547"},{"taxonomy":"product_tag","embeddable":true,"href":"https:\/\/cambio.academy\/en\/wp-json\/wp\/v2\/product_tag?post=16547"},{"taxonomy":"standort","embeddable":true,"href":"https:\/\/cambio.academy\/en\/wp-json\/wp\/v2\/standort?post=16547"},{"taxonomy":"ausbildungstyp","embeddable":true,"href":"https:\/\/cambio.academy\/en\/wp-json\/wp\/v2\/ausbildungstyp?post=16547"},{"taxonomy":"zeitmodell","embeddable":true,"href":"https:\/\/cambio.academy\/en\/wp-json\/wp\/v2\/zeitmodell?post=16547"},{"taxonomy":"zielgruppe","embeddable":true,"href":"https:\/\/cambio.academy\/en\/wp-json\/wp\/v2\/zielgruppe?post=16547"}],"curies":[{"name":"wp","href":"https:\/\/api.w.org\/{rel}","templated":true}]}}