{"id":2360,"date":"2022-12-15T15:06:56","date_gmt":"2022-12-15T14:06:56","guid":{"rendered":"https:\/\/cambio.academy\/?post_type=product&#038;p=2360"},"modified":"2023-01-12T11:16:59","modified_gmt":"2023-01-12T10:16:59","slug":"grosser-langer-schattierpinsel-cambio-19","status":"publish","type":"product","link":"https:\/\/cambio.academy\/en\/produkt\/grosser-langer-schattierpinsel-cambio-19\/","title":{"rendered":"gro\u00dfer &#038; langer Schattierpinsel Cambio 19"},"content":{"rendered":"","protected":false},"excerpt":{"rendered":"<p>Cambio 19<br \/>\nGr\u00f6\u00dferer Blender mit l\u00e4ngeren Haaren f\u00fcr supersofte Schattierungen<\/p>\n<p>#crueltyfree<br \/>\n#highprofessional<br \/>\nHandgefertigt<\/p>\n","protected":false},"featured_media":5619,"template":"","meta":[],"product_brand":[],"product_cat":[45],"product_tag":[],"standort":[],"ausbildungstyp":[],"zeitmodell":[],"zielgruppe":[],"class_list":{"0":"post-2360","1":"product","2":"type-product","3":"status-publish","4":"has-post-thumbnail","6":"product_cat-cambio-produkte","8":"first","9":"instock","10":"taxable","11":"shipping-taxable","12":"purchasable","13":"product-type-simple"},"bundled_by":[],"bundle_stock_status":"instock","bundle_stock_quantity":null,"bundle_virtual":false,"bundle_layout":"","bundle_add_to_cart_form_location":"","bundle_editable_in_cart":false,"bundle_sold_individually_context":"","bundle_item_grouping":"","bundle_min_size":"","bundle_max_size":"","bundle_price":[],"bundled_items":[],"bundle_sell_ids":[],"exclude_global_add_ons":[],"addons":[],"_links":{"self":[{"href":"https:\/\/cambio.academy\/en\/wp-json\/wp\/v2\/product\/2360","targetHints":{"allow":["GET"]}}],"collection":[{"href":"https:\/\/cambio.academy\/en\/wp-json\/wp\/v2\/product"}],"about":[{"href":"https:\/\/cambio.academy\/en\/wp-json\/wp\/v2\/types\/product"}],"wp:featuredmedia":[{"embeddable":true,"href":"https:\/\/cambio.academy\/en\/wp-json\/wp\/v2\/media\/5619"}],"wp:attachment":[{"href":"https:\/\/cambio.academy\/en\/wp-json\/wp\/v2\/media?parent=2360"}],"wp:term":[{"taxonomy":"product_brand","embeddable":true,"href":"https:\/\/cambio.academy\/en\/wp-json\/wp\/v2\/product_brand?post=2360"},{"taxonomy":"product_cat","embeddable":true,"href":"https:\/\/cambio.academy\/en\/wp-json\/wp\/v2\/product_cat?post=2360"},{"taxonomy":"product_tag","embeddable":true,"href":"https:\/\/cambio.academy\/en\/wp-json\/wp\/v2\/product_tag?post=2360"},{"taxonomy":"standort","embeddable":true,"href":"https:\/\/cambio.academy\/en\/wp-json\/wp\/v2\/standort?post=2360"},{"taxonomy":"ausbildungstyp","embeddable":true,"href":"https:\/\/cambio.academy\/en\/wp-json\/wp\/v2\/ausbildungstyp?post=2360"},{"taxonomy":"zeitmodell","embeddable":true,"href":"https:\/\/cambio.academy\/en\/wp-json\/wp\/v2\/zeitmodell?post=2360"},{"taxonomy":"zielgruppe","embeddable":true,"href":"https:\/\/cambio.academy\/en\/wp-json\/wp\/v2\/zielgruppe?post=2360"}],"curies":[{"name":"wp","href":"https:\/\/api.w.org\/{rel}","templated":true}]}}