{"id":2853,"date":"2022-12-30T08:59:56","date_gmt":"2022-12-30T07:59:56","guid":{"rendered":"https:\/\/cambio.academy\/?post_type=product&#038;p=2853"},"modified":"2026-02-06T15:34:11","modified_gmt":"2026-02-06T14:34:11","slug":"perfect-your-face-make-up-workshop-linz-und-wien","status":"publish","type":"product","link":"https:\/\/cambio.academy\/en\/produkt\/perfect-your-face-make-up-workshop-linz-und-wien\/","title":{"rendered":"Schmink Workshop Linz und Wien"},"content":{"rendered":"<p><strong>\u201cPerfect your Face\u201d Schmink-Workshop<\/strong><br \/>\nWir zeigen Dir beim Make-Up Workshop wie DU Deine Makel kaschieren und Vorz\u00fcge unterstreichen kannst. Weg von der allt\u00e4glichen Schminkroutine und hin zu neuen, effizienteren Methoden.<\/p>\n<p>Wir checken ob Deine Produkte das Richtige f\u00fcr Dich sind, und wie Du mit kleinen Tipps und Tricks das Beste aus Deinem Typ machen kannst und Dich dabei gleichzeitig selbstbewusst und attraktiv f\u00fchlst.<\/p>\n<p><strong>Themen<\/strong><\/p>\n<ul>\n<li>Theoretische Basics \u00fcber das Schminken allgemein<\/li>\n<li>Materialkunde von Produkten und Pinseln<\/li>\n<li>Grundlagen der Hautpflege, individuelle Pflegeberatung<\/li>\n<li>Individuelles Augenbrauenstyling<\/li>\n<li>Farbanalyse der einzelnen TeilnehmerInnen<\/li>\n<li>Analyse der eigenen Produkte \u00fcber Qualit\u00e4t und Brauchbarkeit<\/li>\n<li>gemeinsames Erarbeiten eines perfekten, individuellen Tagesmakeups<\/li>\n<li>Gemeinsames Schminken: Step-by-Step<\/li>\n<li>Produktberatung<\/li>\n<\/ul>\n<p>Wir bitten Dich deine eigenen Schminkprodukte mitzubringen,<br \/>\ndann bekommst auch Du Tipps &amp; Tricks f\u00fcr Deinen pers\u00f6nlichen Schminkt\u00e4schchen-inhalt.<\/p>\n<p>Max. Teilnehmer\/Innen: 6<\/p>\n<p>Dauer: 3 Stunden<\/p>\n<p>Inklusive: schriftlichem Skriptum, Schminkprodukte zum ausleihen<\/p>\n<p><img fetchpriority=\"high\" decoding=\"async\" class=\"size-medium wp-image-15795\" src=\"https:\/\/cambio.academy\/wp-content\/uploads\/2022\/12\/sabrina-feedback-workshop-298x300.png\" alt=\"sabrina feedback schmink workshop bei Cambio\" width=\"298\" height=\"300\" srcset=\"https:\/\/cambio.academy\/wp-content\/uploads\/2022\/12\/sabrina-feedback-workshop-298x300.png 298w, https:\/\/cambio.academy\/wp-content\/uploads\/2022\/12\/sabrina-feedback-workshop-150x150.png 150w, https:\/\/cambio.academy\/wp-content\/uploads\/2022\/12\/sabrina-feedback-workshop-768x773.png 768w, https:\/\/cambio.academy\/wp-content\/uploads\/2022\/12\/sabrina-feedback-workshop-600x604.png 600w, https:\/\/cambio.academy\/wp-content\/uploads\/2022\/12\/sabrina-feedback-workshop-100x100.png 100w, https:\/\/cambio.academy\/wp-content\/uploads\/2022\/12\/sabrina-feedback-workshop.png 1006w\" sizes=\"(max-width: 298px) 100vw, 298px\" \/><\/p>\n<p><img decoding=\"async\" class=\"size-medium wp-image-16384\" src=\"https:\/\/cambio.academy\/wp-content\/uploads\/2022\/12\/Bildschirmfoto-2025-03-24-um-10.59.21-300x300.png\" alt=\"Kundenfeedback Schminkworkshop Eva\" width=\"300\" height=\"300\" srcset=\"https:\/\/cambio.academy\/wp-content\/uploads\/2022\/12\/Bildschirmfoto-2025-03-24-um-10.59.21-300x300.png 300w, https:\/\/cambio.academy\/wp-content\/uploads\/2022\/12\/Bildschirmfoto-2025-03-24-um-10.59.21-1024x1022.png 1024w, https:\/\/cambio.academy\/wp-content\/uploads\/2022\/12\/Bildschirmfoto-2025-03-24-um-10.59.21-150x150.png 150w, https:\/\/cambio.academy\/wp-content\/uploads\/2022\/12\/Bildschirmfoto-2025-03-24-um-10.59.21-768x767.png 768w, https:\/\/cambio.academy\/wp-content\/uploads\/2022\/12\/Bildschirmfoto-2025-03-24-um-10.59.21-600x599.png 600w, https:\/\/cambio.academy\/wp-content\/uploads\/2022\/12\/Bildschirmfoto-2025-03-24-um-10.59.21-100x100.png 100w, https:\/\/cambio.academy\/wp-content\/uploads\/2022\/12\/Bildschirmfoto-2025-03-24-um-10.59.21.png 1042w\" sizes=\"(max-width: 300px) 100vw, 300px\" \/><\/p>\n<p>&nbsp;<\/p>\n","protected":false},"excerpt":{"rendered":"<p>\u201cPerfect your Face\u201d Schmink-Workshop Wir zeigen Dir beim Make-Up Workshop wie DU Deine Makel kaschieren und Vorz\u00fcge unterstreichen kannst. Weg von der allt\u00e4glichen Schminkroutine und hin zu neuen, effizienteren Methoden. Wir checken ob Deine Produkte das Richtige f\u00fcr Dich sind, und wie Du mit kleinen Tipps und Tricks das Beste aus Deinem Typ machen kannst [&hellip;]<\/p>\n","protected":false},"featured_media":2860,"template":"","meta":[],"product_brand":[],"product_cat":[136,137],"product_tag":[],"standort":[],"ausbildungstyp":[],"zeitmodell":[],"zielgruppe":[],"class_list":{"0":"post-2853","1":"product","2":"type-product","3":"status-publish","4":"has-post-thumbnail","6":"product_cat-workshops-linz","7":"product_cat-workshops-wien","9":"first","10":"instock","11":"taxable","12":"shipping-taxable","13":"purchasable","14":"product-type-variable"},"bundled_by":["8110"],"bundle_stock_status":"instock","bundle_stock_quantity":null,"bundle_virtual":false,"bundle_layout":"","bundle_add_to_cart_form_location":"","bundle_editable_in_cart":false,"bundle_sold_individually_context":"","bundle_item_grouping":"","bundle_min_size":"","bundle_max_size":"","bundle_price":[],"bundled_items":[],"bundle_sell_ids":[],"exclude_global_add_ons":[],"addons":[],"_links":{"self":[{"href":"https:\/\/cambio.academy\/en\/wp-json\/wp\/v2\/product\/2853","targetHints":{"allow":["GET"]}}],"collection":[{"href":"https:\/\/cambio.academy\/en\/wp-json\/wp\/v2\/product"}],"about":[{"href":"https:\/\/cambio.academy\/en\/wp-json\/wp\/v2\/types\/product"}],"wp:featuredmedia":[{"embeddable":true,"href":"https:\/\/cambio.academy\/en\/wp-json\/wp\/v2\/media\/2860"}],"wp:attachment":[{"href":"https:\/\/cambio.academy\/en\/wp-json\/wp\/v2\/media?parent=2853"}],"wp:term":[{"taxonomy":"product_brand","embeddable":true,"href":"https:\/\/cambio.academy\/en\/wp-json\/wp\/v2\/product_brand?post=2853"},{"taxonomy":"product_cat","embeddable":true,"href":"https:\/\/cambio.academy\/en\/wp-json\/wp\/v2\/product_cat?post=2853"},{"taxonomy":"product_tag","embeddable":true,"href":"https:\/\/cambio.academy\/en\/wp-json\/wp\/v2\/product_tag?post=2853"},{"taxonomy":"standort","embeddable":true,"href":"https:\/\/cambio.academy\/en\/wp-json\/wp\/v2\/standort?post=2853"},{"taxonomy":"ausbildungstyp","embeddable":true,"href":"https:\/\/cambio.academy\/en\/wp-json\/wp\/v2\/ausbildungstyp?post=2853"},{"taxonomy":"zeitmodell","embeddable":true,"href":"https:\/\/cambio.academy\/en\/wp-json\/wp\/v2\/zeitmodell?post=2853"},{"taxonomy":"zielgruppe","embeddable":true,"href":"https:\/\/cambio.academy\/en\/wp-json\/wp\/v2\/zielgruppe?post=2853"}],"curies":[{"name":"wp","href":"https:\/\/api.w.org\/{rel}","templated":true}]}}