{"id":7737,"date":"2023-08-10T08:38:43","date_gmt":"2023-08-10T06:38:43","guid":{"rendered":"https:\/\/cambio.academy\/?post_type=product&#038;p=7737"},"modified":"2025-12-09T10:25:57","modified_gmt":"2025-12-09T09:25:57","slug":"anatomie-fuer-wimpernverlaengerung","status":"publish","type":"product","link":"https:\/\/cambio.academy\/en\/produkt\/anatomie-fuer-wimpernverlaengerung\/","title":{"rendered":"Wimpernverl\u00e4ngerung Anatomie Grundlagen (Gewerbevoraussetzung)"},"content":{"rendered":"<section id=\"content4-q9\" class=\"mbr-section content4 cid-s7UzWglXb2\">\n<div class=\"container\">\n<div class=\"media-container-row\">\n<div class=\"title col-12 col-md-8\">\n<h2 class=\"align-center pb-3 mbr-fonts-style display-2\">Ausbildungsinhalte<\/h2>\n<\/div>\n<\/div>\n<\/div>\n<\/section>\n<section id=\"content12-qc\" class=\"mbr-section article content12 cid-s7UzWhjouU\">\n<div class=\"container\">\n<div class=\"media-container-row\">\n<div class=\"mbr-text counter-container col-12 col-md-8 mbr-fonts-style display-4\">\n<ul>\n<li>Medizinische Einf\u00fchrung in die Grundlagen der Wimpernverl\u00e4ngerung<\/li>\n<li>Anatomie des Sch\u00e4dels<\/li>\n<li>Anatomie des Auges<\/li>\n<li>Wimpernformen, Wachstumszyklus, Wimperntypen, Wimpernl\u00e4nge<\/li>\n<li>Dermatologie<\/li>\n<li>allgemeine Hygiene, Arbeitshygiene, Desinfektion<\/li>\n<li>allgemeine Erste Hilfe<\/li>\n<li>Pathologie (Erkrankung des Lides, Tr\u00e4nendr\u00fcse, Conjuctiva, Cornea, Sclera, Linse, Uvea, Papille und Orbita)<\/li>\n<\/ul>\n<p><strong>F\u00fcr wen:<br \/>\n<\/strong>All jene, die noch medizinische Fachkenntnisse f\u00fcr die Bef\u00e4higungspr\u00fcfung\/Arbeitsprobe und Gewerbeanmeldung ben\u00f6tigen<\/p>\n<p><strong>Voraussetzungen:<\/strong><br \/>\nComputer\/Laptop mit funktionierender Webcam und Mikrofon, sowie eine stabile Internetverbindung m\u00fcssen f\u00fcr die Teilnahme gegeben sein!<\/p>\n<p><strong>Dauer:\u00a0<\/strong>2 Tage \/\/ 20 UE, je ab 9 Uhr<\/p>\n<p><strong>Teilnehmeranzahl:<\/strong> unbeschr\u00e4nkt<\/p>\n<p>Kosten:<br \/>\n<b>\u20ac 310,- netto<\/b><\/p>\n<p><i><\/i>Abschluss: Zertifikat<\/p>\n<p>&nbsp;<\/p>\n<p>Nach erfolgreicher Anmeldung \u00fcbermitteln wir Ihnen Ihre Kursunterlagen und ZOOM Zugangsdaten via e-Mail.<\/p>\n<p>Bitte beachten Sie, dass Kursanmeldungen VERBINDLICH sind.<br \/>\nAlle detaillierten Bedingungen finden Sie in unseren AGB.<\/p>\n<p>&nbsp;<\/p>\n<h2><strong>Zus\u00e4tzliche Informationen:<\/strong><\/h2>\n<p><strong>Kurs: Anatomie f\u00fcr Wimpern Online Schulung \/ 2 Tage<\/strong><\/p>\n<p><strong>Berufsaus\u00fcbung:<\/strong><br \/>\nIn Kombination bzw. nach Abschluss einer praktischen Ausbildung mit der Absolvierung der<br \/>\nArbeitsprobe zum Gewerbe:<br \/>\nKosmetik (Sch\u00f6nheitspflege)<br \/>\nKosmetik (Sch\u00f6nheitspflege) eingeschr\u00e4nkt auf dekorative Kosmetik (Visagist) \/ Wimpernstylist<br \/>\nFriseure, Per\u00fcckenmacher und Stylist<\/p>\n<p><strong>Zielgruppe:<br \/>\n<\/strong>Alle Wimpern-Stylist*innen, die medizinische Fachkenntnisse f\u00fcr die Bef\u00e4higungspr\u00fcfung\/Arbeitsprobe und Gewerbeanmeldung ben\u00f6tigen.<\/p>\n<p><strong>Berufsbezeichnung<\/strong><br \/>\nNach Abschluss der praktischen Ausbildung: Wimpernstylist\/in<\/p>\n<p><strong>Ausbildung:<\/strong><br \/>\nErfolgt lt. BGBL. II Nr. 139\/2003 und umfasst 20 UE<br \/>\nZugangsvoraussetzung ist gesundheitliche Eignung, Vertrauensw\u00fcrdigkeit, Pflichtschulabschluss und<br \/>\nLebensalter von 16 Jahren mit Einverst\u00e4ndnis der Erziehungsberechtigten.<\/p>\n<p><strong>Rechtsgrundlagen:<\/strong><br \/>\nVerordnung der Zugangsvoraussetzungen f\u00fcr das reglementierte Gewerbe der Kosmetik<br \/>\n(Sch\u00f6nheitspflege), BGBL. II Nr. 139\/2003<br \/>\nVerordnung der Aus\u00fcbungsregeln f\u00fcr Fu\u00dfpflege, Kosmetik und Massage durch Gewerbetreibende,<br \/>\nBGBL. II Nr. 262\/2008<\/p>\n<\/div>\n<\/div>\n<\/div>\n<\/section>\n","protected":false},"excerpt":{"rendered":"<section id=\"content12-qc\" class=\"mbr-section article content12 cid-s7UzWhjouU\">\n<div class=\"container\">\n<div class=\"media-container-row\">\n<div class=\"mbr-text counter-container col-12 col-md-8 mbr-fonts-style display-4\">\n<p><strong>F\u00fcr all jene, die noch medizinische Fachkenntnisse f\u00fcr die Bef\u00e4higungspr\u00fcfung\/Arbeitsprobe und Gewerbeanmeldung ben\u00f6tigen.<\/strong><\/p>\n<p><strong>Dauer:\u00a0<\/strong>2 Tage \/\/ 20 UE, je ab 9 Uhr ONLINE via ZOOM<\/p>\n<section id=\"content4-q9\" class=\"mbr-section content4 cid-s7UzWglXb2\">\n<div class=\"container\">\n<div class=\"media-container-row\">\n<div class=\"title col-12 col-md-8\">\n<h4 class=\"align-center pb-3 mbr-fonts-style display-2\">Ausbildungsinhalte<\/h4>\n<\/div>\n<\/div>\n<\/div>\n<\/section>\n<section id=\"content12-qc\" class=\"mbr-section article content12 cid-s7UzWhjouU\">\n<div class=\"container\">\n<div class=\"media-container-row\">\n<div class=\"mbr-text counter-container col-12 col-md-8 mbr-fonts-style display-4\">\n<ul>\n<li>Medizinische Einf\u00fchrung in die Grundlagen der Wimpernverl\u00e4ngerung<\/li>\n<li>Anatomie des Sch\u00e4dels<\/li>\n<li>Anatomie des Auges<\/li>\n<li>Wimpernformen, Wachstumszyklus, Wimperntypen, Wimpernl\u00e4nge<\/li>\n<li>Dermatologie<\/li>\n<li>allgemeine Hygiene, Arbeitshygiene, Desinfektion<\/li>\n<li>allgemeine Erste Hilfe<\/li>\n<li>Pathologie (Erkrankung des Lides, Tr\u00e4nendr\u00fcse, Conjuctiva, Cornea, Sclera, Linse, Uvea, Papille und Orbita)<\/li>\n<\/ul>\n<\/div>\n<\/div>\n<\/div>\n<\/section>\n<\/div>\n<\/div>\n<\/div>\n<\/section>\n","protected":false},"featured_media":7740,"template":"","meta":[],"product_brand":[],"product_cat":[160,161,40],"product_tag":[],"standort":[26,27],"ausbildungstyp":[],"zeitmodell":[],"zielgruppe":[],"class_list":{"0":"post-7737","1":"product","2":"type-product","3":"status-publish","4":"has-post-thumbnail","6":"product_cat-professionals-linz","7":"product_cat-professionals-wien","8":"product_cat-wimpernverlaengerung","9":"standort-linz","10":"standort-wien","12":"first","13":"instock","14":"taxable","15":"shipping-taxable","16":"purchasable","17":"product-type-variable"},"bundled_by":["5055","5059"],"bundle_stock_status":"instock","bundle_stock_quantity":null,"bundle_virtual":false,"bundle_layout":"","bundle_add_to_cart_form_location":"","bundle_editable_in_cart":false,"bundle_sold_individually_context":"","bundle_item_grouping":"","bundle_min_size":"","bundle_max_size":"","bundle_price":[],"bundled_items":[],"bundle_sell_ids":[],"exclude_global_add_ons":[],"addons":[],"_links":{"self":[{"href":"https:\/\/cambio.academy\/en\/wp-json\/wp\/v2\/product\/7737","targetHints":{"allow":["GET"]}}],"collection":[{"href":"https:\/\/cambio.academy\/en\/wp-json\/wp\/v2\/product"}],"about":[{"href":"https:\/\/cambio.academy\/en\/wp-json\/wp\/v2\/types\/product"}],"wp:featuredmedia":[{"embeddable":true,"href":"https:\/\/cambio.academy\/en\/wp-json\/wp\/v2\/media\/7740"}],"wp:attachment":[{"href":"https:\/\/cambio.academy\/en\/wp-json\/wp\/v2\/media?parent=7737"}],"wp:term":[{"taxonomy":"product_brand","embeddable":true,"href":"https:\/\/cambio.academy\/en\/wp-json\/wp\/v2\/product_brand?post=7737"},{"taxonomy":"product_cat","embeddable":true,"href":"https:\/\/cambio.academy\/en\/wp-json\/wp\/v2\/product_cat?post=7737"},{"taxonomy":"product_tag","embeddable":true,"href":"https:\/\/cambio.academy\/en\/wp-json\/wp\/v2\/product_tag?post=7737"},{"taxonomy":"standort","embeddable":true,"href":"https:\/\/cambio.academy\/en\/wp-json\/wp\/v2\/standort?post=7737"},{"taxonomy":"ausbildungstyp","embeddable":true,"href":"https:\/\/cambio.academy\/en\/wp-json\/wp\/v2\/ausbildungstyp?post=7737"},{"taxonomy":"zeitmodell","embeddable":true,"href":"https:\/\/cambio.academy\/en\/wp-json\/wp\/v2\/zeitmodell?post=7737"},{"taxonomy":"zielgruppe","embeddable":true,"href":"https:\/\/cambio.academy\/en\/wp-json\/wp\/v2\/zielgruppe?post=7737"}],"curies":[{"name":"wp","href":"https:\/\/api.w.org\/{rel}","templated":true}]}}